{"id":146,"date":"2024-02-13T09:50:11","date_gmt":"2024-02-13T09:50:11","guid":{"rendered":"https:\/\/Idinger.digbizmistelbach.info\/?page_id=146"},"modified":"2024-02-13T09:50:11","modified_gmt":"2024-02-13T09:50:11","slug":"rindfleisch","status":"publish","type":"page","link":"https:\/\/Idinger.digbizmistelbach.info\/?page_id=146","title":{"rendered":"Rindfleisch"},"content":{"rendered":"\n<h2 class=\"wp-block-heading\">Rindfleisch in unserer Gesellschaft<\/h2>\n\n\n\n<p>In unserer Gesellschaft ist Rindfleisch ein weit verbreitetes Nahrungsmittel und integraler Bestandteil vieler kulinarischer Traditionen. Sein vielseitiger Einsatz in Gerichten wie Rindergulasch, Tafelspitz, Beiried, Steak und Rindsrouladen spiegelt die kulturelle Vielfalt wider. Allerdings stehen der hohe Fleischkonsum und die damit verbundene Massentierhaltung zunehmend im Fokus, da sie Umweltauswirkungen, ethische Bedenken und Gesundheitsfragen aufwerfen. Ein wachsendes Bewusstsein f\u00fcr nachhaltige Ern\u00e4hrung und alternative Proteinquellen pr\u00e4gt die Diskussion um Rindfleisch in unserer modernen Gesellschaft. Jedoch ist Rindfleisch dennoch eine gute Quelle f\u00fcr hochwertigee Proteine, Eisen, Zink, B-Vitamine und Selen.<\/p>\n\n\n\n<h2 class=\"wp-block-heading\">N\u00e4hrwerte<\/h2>\n\n\n\n<p>100 g Rindfleisch enthalten ungef\u00e4hr:<\/p>\n\n\n\n<ul>\n<li>ca. 130 kcal<\/li>\n\n\n\n<li>ca. 20 g Eiwei\u00df<\/li>\n\n\n\n<li>ca. 4 g Fett<\/li>\n\n\n\n<li>davon ca. 2 g ges\u00e4ttigtes Fett<\/li>\n<\/ul>\n","protected":false},"excerpt":{"rendered":"<p>Rindfleisch in unserer Gesellschaft In unserer Gesellschaft ist Rindfleisch ein weit verbreitetes Nahrungsmittel und integraler Bestandteil vieler kulinarischer Traditionen. Sein vielseitiger Einsatz in Gerichten wie Rindergulasch, Tafelspitz, Beiried, Steak und Rindsrouladen spiegelt die kulturelle Vielfalt wider. Allerdings stehen der hohe Fleischkonsum und die damit verbundene Massentierhaltung zunehmend im Fokus, da sie Umweltauswirkungen, ethische Bedenken und&hellip; <br \/> <a class=\"read-more\" href=\"https:\/\/Idinger.digbizmistelbach.info\/?page_id=146\">Weiterlesen<\/a><\/p>\n","protected":false},"author":1,"featured_media":0,"parent":0,"menu_order":0,"comment_status":"closed","ping_status":"closed","template":"","meta":{"footnotes":""},"_links":{"self":[{"href":"https:\/\/Idinger.digbizmistelbach.info\/index.php?rest_route=\/wp\/v2\/pages\/146"}],"collection":[{"href":"https:\/\/Idinger.digbizmistelbach.info\/index.php?rest_route=\/wp\/v2\/pages"}],"about":[{"href":"https:\/\/Idinger.digbizmistelbach.info\/index.php?rest_route=\/wp\/v2\/types\/page"}],"author":[{"embeddable":true,"href":"https:\/\/Idinger.digbizmistelbach.info\/index.php?rest_route=\/wp\/v2\/users\/1"}],"replies":[{"embeddable":true,"href":"https:\/\/Idinger.digbizmistelbach.info\/index.php?rest_route=%2Fwp%2Fv2%2Fcomments&post=146"}],"version-history":[{"count":1,"href":"https:\/\/Idinger.digbizmistelbach.info\/index.php?rest_route=\/wp\/v2\/pages\/146\/revisions"}],"predecessor-version":[{"id":147,"href":"https:\/\/Idinger.digbizmistelbach.info\/index.php?rest_route=\/wp\/v2\/pages\/146\/revisions\/147"}],"wp:attachment":[{"href":"https:\/\/Idinger.digbizmistelbach.info\/index.php?rest_route=%2Fwp%2Fv2%2Fmedia&parent=146"}],"curies":[{"name":"wp","href":"https:\/\/api.w.org\/{rel}","templated":true}]}}