{"id":149,"date":"2024-02-13T09:55:40","date_gmt":"2024-02-13T09:55:40","guid":{"rendered":"https:\/\/Idinger.digbizmistelbach.info\/?page_id=149"},"modified":"2024-02-13T09:55:40","modified_gmt":"2024-02-13T09:55:40","slug":"kuehe-und-ihre-umwelt","status":"publish","type":"page","link":"https:\/\/Idinger.digbizmistelbach.info\/?page_id=149","title":{"rendered":"K\u00fche und ihre Umwelt"},"content":{"rendered":"\n<h2 class=\"wp-block-heading\">Umwelt<\/h2>\n\n\n\n<p>Eine Kuh produziert pro Jahr etwa 100 Kilogramm Methan, das ist etwa 25-mal klimasch\u00e4dlicher als CO2 und schadet dem Klima. Doch nicht nur die K\u00fche selbst sind KLimawandelverst\u00e4rker, denn der Konsum von Rinderfleisch tr\u00e4gt zu Entwaldung und Landnutzungs\u00e4nderungen bei. Dies ist vorallem sch\u00e4dlich, wenn die K\u00fche mit Futter aus Plantagen gef\u00fcttert werden. F\u00fcr Soja als Nahrungsquelle werden h\u00e4ufig Regenw\u00e4lder abgeholzt, um den Boden zu Plantagen machen. Der abgeholzte Regenwald ist ein wichtiger Sauerstofflieferant, er zieht CO2 aus der Luft und wirkt so gegen den Klimawandel, wird dieser nun aber abgeholzt wird das CO2 nicht mehr aus der Luft gefiltert und steuert zum Klimawandel bei. Au\u00dferdem erfordert die Bew\u00e4sserung von Soja, sowie anderen Futterquellen meist extreme Wassermengen, was in Gebieten in denen das Wasser bereits rar ist, einen gro\u00dfen Einfluss auf die Wasserversorgung haben kann.<\/p>\n","protected":false},"excerpt":{"rendered":"<p>Umwelt Eine Kuh produziert pro Jahr etwa 100 Kilogramm Methan, das ist etwa 25-mal klimasch\u00e4dlicher als CO2 und schadet dem Klima. Doch nicht nur die K\u00fche selbst sind KLimawandelverst\u00e4rker, denn der Konsum von Rinderfleisch tr\u00e4gt zu Entwaldung und Landnutzungs\u00e4nderungen bei. Dies ist vorallem sch\u00e4dlich, wenn die K\u00fche mit Futter aus Plantagen gef\u00fcttert werden. F\u00fcr Soja&hellip; <br \/> <a class=\"read-more\" href=\"https:\/\/Idinger.digbizmistelbach.info\/?page_id=149\">Weiterlesen<\/a><\/p>\n","protected":false},"author":1,"featured_media":0,"parent":0,"menu_order":0,"comment_status":"closed","ping_status":"closed","template":"","meta":{"footnotes":""},"_links":{"self":[{"href":"https:\/\/Idinger.digbizmistelbach.info\/index.php?rest_route=\/wp\/v2\/pages\/149"}],"collection":[{"href":"https:\/\/Idinger.digbizmistelbach.info\/index.php?rest_route=\/wp\/v2\/pages"}],"about":[{"href":"https:\/\/Idinger.digbizmistelbach.info\/index.php?rest_route=\/wp\/v2\/types\/page"}],"author":[{"embeddable":true,"href":"https:\/\/Idinger.digbizmistelbach.info\/index.php?rest_route=\/wp\/v2\/users\/1"}],"replies":[{"embeddable":true,"href":"https:\/\/Idinger.digbizmistelbach.info\/index.php?rest_route=%2Fwp%2Fv2%2Fcomments&post=149"}],"version-history":[{"count":1,"href":"https:\/\/Idinger.digbizmistelbach.info\/index.php?rest_route=\/wp\/v2\/pages\/149\/revisions"}],"predecessor-version":[{"id":150,"href":"https:\/\/Idinger.digbizmistelbach.info\/index.php?rest_route=\/wp\/v2\/pages\/149\/revisions\/150"}],"wp:attachment":[{"href":"https:\/\/Idinger.digbizmistelbach.info\/index.php?rest_route=%2Fwp%2Fv2%2Fmedia&parent=149"}],"curies":[{"name":"wp","href":"https:\/\/api.w.org\/{rel}","templated":true}]}}