{"id":151,"date":"2024-02-13T09:59:28","date_gmt":"2024-02-13T09:59:28","guid":{"rendered":"https:\/\/Idinger.digbizmistelbach.info\/?page_id=151"},"modified":"2024-02-16T10:46:58","modified_gmt":"2024-02-16T10:46:58","slug":"schweinefleisch","status":"publish","type":"page","link":"https:\/\/Idinger.digbizmistelbach.info\/?page_id=151","title":{"rendered":"Schweinefleisch"},"content":{"rendered":"\n<div class=\"wp-block-columns is-layout-flex wp-container-core-columns-layout-2 wp-block-columns-is-layout-flex\">\n<div class=\"wp-block-column is-layout-flow wp-block-column-is-layout-flow\" style=\"flex-basis:100%\">\n<div class=\"wp-block-group is-vertical is-layout-flex wp-container-core-group-layout-2 wp-block-group-is-layout-flex\">\n<h2 class=\"wp-block-heading\">Schweinefleisch in unserer Gesellschaft<\/h2>\n\n\n\n<div class=\"wp-block-group is-nowrap is-layout-flex wp-container-core-group-layout-1 wp-block-group-is-layout-flex\">\n<div class=\"wp-block-columns is-layout-flex wp-container-core-columns-layout-1 wp-block-columns-is-layout-flex\">\n<div class=\"wp-block-column is-layout-flow wp-block-column-is-layout-flow\" style=\"flex-basis:50%\">\n<p>Schweinefleisch hat weltweit in vielen Gesellschaften einen wichtigen Platz in der Ern\u00e4hrung. Der Stellenwert variiert aufgrund von kulturellen, religi\u00f6sen und pers\u00f6nlichen Pr\u00e4ferenzen. Einige vermeiden Schweinefleisch aus religi\u00f6sen oder ethischen Gr\u00fcnden, w\u00e4hrend es in anderen Regionen ein wichtiger Bestandteil der kulinarischen Tradition ist. Es dient uns Menschen als ausgezeichnete Proteinquelle und enth\u00e4lt zus\u00e4tzlich noch Eisen, Zink und B-Vitamine.<\/p>\n<\/div>\n\n\n\n<div class=\"wp-block-column is-layout-flow wp-block-column-is-layout-flow\" style=\"flex-basis:50%\">\n<figure class=\"wp-block-image size-full is-resized\"><img loading=\"lazy\" decoding=\"async\" width=\"800\" height=\"450\" src=\"https:\/\/Idinger.digbizmistelbach.info\/wp-content\/uploads\/2024\/02\/wiressenfleisch.png\" alt=\"\" class=\"wp-image-173\" style=\"width:236px;height:auto\" srcset=\"https:\/\/Idinger.digbizmistelbach.info\/wp-content\/uploads\/2024\/02\/wiressenfleisch.png 800w, https:\/\/Idinger.digbizmistelbach.info\/wp-content\/uploads\/2024\/02\/wiressenfleisch-300x169.png 300w, https:\/\/Idinger.digbizmistelbach.info\/wp-content\/uploads\/2024\/02\/wiressenfleisch-768x432.png 768w\" sizes=\"(max-width: 800px) 100vw, 800px\" \/><\/figure>\n<\/div>\n<\/div>\n<\/div>\n<\/div>\n<\/div>\n<\/div>\n\n\n\n<div class=\"wp-block-group is-layout-constrained wp-block-group-is-layout-constrained\"><div class=\"wp-block-group__inner-container\">\n<h2 class=\"wp-block-heading\">N\u00e4hrwerte<\/h2>\n\n\n\n<p>100 g Schweinefleisch enthalten ungef\u00e4hr:<\/p>\n\n\n\n<ul>\n<li>ca. 140 kcal<\/li>\n\n\n\n<li>ca. 20 g Eiwei\u00df<\/li>\n\n\n\n<li>ca. 5 g Fett<\/li>\n\n\n\n<li>davon ca. 2 g ges\u00e4ttigtes Fett<\/li>\n<\/ul>\n<\/div><\/div>\n","protected":false},"excerpt":{"rendered":"<p>Schweinefleisch in unserer Gesellschaft Schweinefleisch hat weltweit in vielen Gesellschaften einen wichtigen Platz in der Ern\u00e4hrung. Der Stellenwert variiert aufgrund von kulturellen, religi\u00f6sen und pers\u00f6nlichen Pr\u00e4ferenzen. Einige vermeiden Schweinefleisch aus religi\u00f6sen oder ethischen Gr\u00fcnden, w\u00e4hrend es in anderen Regionen ein wichtiger Bestandteil der kulinarischen Tradition ist. Es dient uns Menschen als ausgezeichnete Proteinquelle und enth\u00e4lt&hellip; <br \/> <a class=\"read-more\" href=\"https:\/\/Idinger.digbizmistelbach.info\/?page_id=151\">Weiterlesen<\/a><\/p>\n","protected":false},"author":1,"featured_media":0,"parent":0,"menu_order":0,"comment_status":"closed","ping_status":"closed","template":"","meta":{"footnotes":""},"_links":{"self":[{"href":"https:\/\/Idinger.digbizmistelbach.info\/index.php?rest_route=\/wp\/v2\/pages\/151"}],"collection":[{"href":"https:\/\/Idinger.digbizmistelbach.info\/index.php?rest_route=\/wp\/v2\/pages"}],"about":[{"href":"https:\/\/Idinger.digbizmistelbach.info\/index.php?rest_route=\/wp\/v2\/types\/page"}],"author":[{"embeddable":true,"href":"https:\/\/Idinger.digbizmistelbach.info\/index.php?rest_route=\/wp\/v2\/users\/1"}],"replies":[{"embeddable":true,"href":"https:\/\/Idinger.digbizmistelbach.info\/index.php?rest_route=%2Fwp%2Fv2%2Fcomments&post=151"}],"version-history":[{"count":8,"href":"https:\/\/Idinger.digbizmistelbach.info\/index.php?rest_route=\/wp\/v2\/pages\/151\/revisions"}],"predecessor-version":[{"id":181,"href":"https:\/\/Idinger.digbizmistelbach.info\/index.php?rest_route=\/wp\/v2\/pages\/151\/revisions\/181"}],"wp:attachment":[{"href":"https:\/\/Idinger.digbizmistelbach.info\/index.php?rest_route=%2Fwp%2Fv2%2Fmedia&parent=151"}],"curies":[{"name":"wp","href":"https:\/\/api.w.org\/{rel}","templated":true}]}}