{"id":2,"date":"2016-05-10T03:48:21","date_gmt":"2016-05-10T03:48:21","guid":{"rendered":"https:\/\/Idinger.digbizmistelbach.info\/?page_id=2"},"modified":"2024-02-02T12:10:13","modified_gmt":"2024-02-02T12:10:13","slug":"sample-page","status":"publish","type":"page","link":"https:\/\/Idinger.digbizmistelbach.info\/","title":{"rendered":"Rind und Schweinefleisch"},"content":{"rendered":"\n<p class=\"has-text-align-left has-medium-font-size\">Schwein und Rind sind schon seit langem domestiziert. Es gibt sie sowohl als Farm- als auch als Wildtiere. Sie liefern wichtige Ressourcen f\u00fcr den Menschen. Zum Beispiel: Fleisch, Milch, K\u00e4se. Diese geben uns Eiwei\u00df, Vitamin A, Vitamin B, Eisen, Zink und Selen, das sind N\u00e4hrstoffe die der menschliche K\u00f6rper unbedingt ben\u00f6tigt, um die eigene Gesundheit zu erhalten.<\/p>\n\n\n\n<div class=\"wp-block-columns is-layout-flex wp-container-core-columns-layout-1 wp-block-columns-is-layout-flex\">\n<div class=\"wp-block-column is-layout-flow wp-block-column-is-layout-flow\" style=\"flex-basis:100%\">\n<div class=\"wp-block-group is-layout-constrained wp-block-group-is-layout-constrained\"><div class=\"wp-block-group__inner-container\">\n<div class=\"wp-block-media-text is-stacked-on-mobile is-image-fill\" style=\"grid-template-columns:40% auto\"><figure class=\"wp-block-media-text__media\" style=\"background-image:url(https:\/\/Idinger.digbizmistelbach.info\/wp-content\/uploads\/2024\/01\/schweinefilet.jpg);background-position:50% 51%\"><img loading=\"lazy\" decoding=\"async\" width=\"600\" height=\"450\" src=\"https:\/\/Idinger.digbizmistelbach.info\/wp-content\/uploads\/2024\/01\/schweinefilet.jpg\" alt=\"\" class=\"wp-image-17 size-full\" srcset=\"https:\/\/Idinger.digbizmistelbach.info\/wp-content\/uploads\/2024\/01\/schweinefilet.jpg 600w, https:\/\/Idinger.digbizmistelbach.info\/wp-content\/uploads\/2024\/01\/schweinefilet-300x225.jpg 300w\" sizes=\"(max-width: 600px) 100vw, 600px\" \/><\/figure><div class=\"wp-block-media-text__content\">\n<h2 class=\"wp-block-heading\">Schweinefleisch<\/h2>\n\n\n\n<p>Kann man sehr vielseitig verwenden, vor allem aber in der K\u00fcche wo man das Fleisch zu einem Schnitzel verarbeitet wird.<\/p>\n\n\n\n<div class=\"wp-block-buttons is-content-justification-left is-layout-flex wp-container-core-buttons-layout-1 wp-block-buttons-is-layout-flex\">\n<div class=\"wp-block-button\"><a class=\"wp-block-button__link wp-element-button\">Erfahre mehr<\/a><\/div>\n<\/div>\n<\/div><\/div>\n<\/div><\/div>\n\n\n\n<div style=\"height:90px\" aria-hidden=\"true\" class=\"wp-block-spacer\"><\/div>\n<\/div>\n<\/div>\n\n\n\n<div class=\"wp-block-media-text has-media-on-the-right is-stacked-on-mobile\" style=\"grid-template-columns:auto 53%\"><div class=\"wp-block-media-text__content\">\n<h2 class=\"wp-block-heading\">Schweine und ihre Umwelt<\/h2>\n\n\n\n<p>Die Umwelt der Schweine ist sehr vielschichtig, man muss auf sehr viel achten und auch sehr viel Wert darauf legen.<\/p>\n\n\n\n<div class=\"wp-block-buttons is-layout-flex wp-block-buttons-is-layout-flex\">\n<div class=\"wp-block-button\"><a class=\"wp-block-button__link wp-element-button\">Erfahre mehr<\/a><\/div>\n<\/div>\n<\/div><figure class=\"wp-block-media-text__media\"><img loading=\"lazy\" decoding=\"async\" width=\"1024\" height=\"293\" src=\"https:\/\/Idinger.digbizmistelbach.info\/wp-content\/uploads\/2024\/01\/schweinbild-1024x293.jpg\" alt=\"\" class=\"wp-image-59 size-full\" srcset=\"https:\/\/Idinger.digbizmistelbach.info\/wp-content\/uploads\/2024\/01\/schweinbild-1024x293.jpg 1024w, https:\/\/Idinger.digbizmistelbach.info\/wp-content\/uploads\/2024\/01\/schweinbild-300x86.jpg 300w, https:\/\/Idinger.digbizmistelbach.info\/wp-content\/uploads\/2024\/01\/schweinbild-768x219.jpg 768w, https:\/\/Idinger.digbizmistelbach.info\/wp-content\/uploads\/2024\/01\/schweinbild.jpg 1407w\" sizes=\"(max-width: 1024px) 100vw, 1024px\" \/><\/figure><\/div>\n\n\n\n<div style=\"height:100px\" aria-hidden=\"true\" class=\"wp-block-spacer\"><\/div>\n\n\n\n<div class=\"wp-block-media-text is-stacked-on-mobile is-image-fill\" style=\"grid-template-columns:44% auto\"><figure class=\"wp-block-media-text__media\" style=\"background-image:url(https:\/\/Idinger.digbizmistelbach.info\/wp-content\/uploads\/2024\/01\/rindsteak.jpg);background-position:49% 45%\"><img loading=\"lazy\" decoding=\"async\" width=\"940\" height=\"705\" src=\"https:\/\/Idinger.digbizmistelbach.info\/wp-content\/uploads\/2024\/01\/rindsteak.jpg\" alt=\"\" class=\"wp-image-16 size-full\" srcset=\"https:\/\/Idinger.digbizmistelbach.info\/wp-content\/uploads\/2024\/01\/rindsteak.jpg 940w, https:\/\/Idinger.digbizmistelbach.info\/wp-content\/uploads\/2024\/01\/rindsteak-300x225.jpg 300w, https:\/\/Idinger.digbizmistelbach.info\/wp-content\/uploads\/2024\/01\/rindsteak-768x576.jpg 768w\" sizes=\"(max-width: 940px) 100vw, 940px\" \/><\/figure><div class=\"wp-block-media-text__content\">\n<h2 class=\"wp-block-heading\">Rindfleisch<\/h2>\n\n\n\n<p>Das Rind wird in manchen Religionen als heilig angesehen und auch deshalb nicht gegessen.<\/p>\n\n\n\n<div class=\"wp-block-buttons is-layout-flex wp-block-buttons-is-layout-flex\">\n<div class=\"wp-block-button\"><a class=\"wp-block-button__link wp-element-button\">Erfahre mehr<\/a><\/div>\n<\/div>\n<\/div><\/div>\n\n\n\n<div style=\"height:100px\" aria-hidden=\"true\" class=\"wp-block-spacer\"><\/div>\n\n\n\n<div class=\"wp-block-media-text has-media-on-the-right is-stacked-on-mobile is-image-fill\" style=\"grid-template-columns:auto 61%\"><div class=\"wp-block-media-text__content\">\n<h2 class=\"wp-block-heading\">Rinder und ihre Umwelt<\/h2>\n\n\n\n<p>Wie sieht gute Haltung der K\u00fche aus und wie klimasch\u00e4dlich sind sie wirklich?<\/p>\n\n\n\n<div class=\"wp-block-buttons is-layout-flex wp-block-buttons-is-layout-flex\">\n<div class=\"wp-block-button\"><a class=\"wp-block-button__link wp-element-button\">Erfahre mehr<\/a><\/div>\n<\/div>\n<\/div><figure class=\"wp-block-media-text__media\" style=\"background-image:url(https:\/\/Idinger.digbizmistelbach.info\/wp-content\/uploads\/2024\/01\/haltung-1024x614.jpg);background-position:45% 49%\"><img loading=\"lazy\" decoding=\"async\" width=\"1024\" height=\"614\" src=\"https:\/\/Idinger.digbizmistelbach.info\/wp-content\/uploads\/2024\/01\/haltung-1024x614.jpg\" alt=\"Kuh\" class=\"wp-image-15 size-large\" srcset=\"https:\/\/Idinger.digbizmistelbach.info\/wp-content\/uploads\/2024\/01\/haltung-1024x614.jpg 1024w, https:\/\/Idinger.digbizmistelbach.info\/wp-content\/uploads\/2024\/01\/haltung-300x180.jpg 300w, https:\/\/Idinger.digbizmistelbach.info\/wp-content\/uploads\/2024\/01\/haltung-768x460.jpg 768w, https:\/\/Idinger.digbizmistelbach.info\/wp-content\/uploads\/2024\/01\/haltung.jpg 1280w\" sizes=\"(max-width: 1024px) 100vw, 1024px\" \/><\/figure><\/div>\n\n\n\n<h5 class=\"wp-block-heading\">CONNECT WITH US<\/h5>\n\n\n\n<h2 class=\"wp-block-heading\">Contact us<\/h2>\n\n\n\n<p>With the Internet spreading linke wildfire and reaching every part of our daily life, more and more traffic is directed to websites in search for information.<\/p>\n\n\n\n<p style=\"text-align:center;color:#ababab\">Contact form will be displayed here. To activate it you have to set the \"contact form shortcode\" parameter in Customizer.<\/p>\n\n\n\n<p><\/p>\n","protected":false},"excerpt":{"rendered":"<p>Schwein und Rind sind schon seit langem domestiziert. Es gibt sie sowohl als Farm- als auch als Wildtiere. Sie liefern wichtige Ressourcen f\u00fcr den Menschen. Zum Beispiel: Fleisch, Milch, K\u00e4se. Diese geben uns Eiwei\u00df, Vitamin A, Vitamin B, Eisen, Zink und Selen, das sind N\u00e4hrstoffe die der menschliche K\u00f6rper unbedingt ben\u00f6tigt, um die eigene Gesundheit&hellip; <br \/> <a class=\"read-more\" href=\"https:\/\/Idinger.digbizmistelbach.info\/\">Weiterlesen<\/a><\/p>\n","protected":false},"author":1,"featured_media":0,"parent":0,"menu_order":0,"comment_status":"closed","ping_status":"open","template":"","meta":{"footnotes":""},"_links":{"self":[{"href":"https:\/\/Idinger.digbizmistelbach.info\/index.php?rest_route=\/wp\/v2\/pages\/2"}],"collection":[{"href":"https:\/\/Idinger.digbizmistelbach.info\/index.php?rest_route=\/wp\/v2\/pages"}],"about":[{"href":"https:\/\/Idinger.digbizmistelbach.info\/index.php?rest_route=\/wp\/v2\/types\/page"}],"author":[{"embeddable":true,"href":"https:\/\/Idinger.digbizmistelbach.info\/index.php?rest_route=\/wp\/v2\/users\/1"}],"replies":[{"embeddable":true,"href":"https:\/\/Idinger.digbizmistelbach.info\/index.php?rest_route=%2Fwp%2Fv2%2Fcomments&post=2"}],"version-history":[{"count":51,"href":"https:\/\/Idinger.digbizmistelbach.info\/index.php?rest_route=\/wp\/v2\/pages\/2\/revisions"}],"predecessor-version":[{"id":128,"href":"https:\/\/Idinger.digbizmistelbach.info\/index.php?rest_route=\/wp\/v2\/pages\/2\/revisions\/128"}],"wp:attachment":[{"href":"https:\/\/Idinger.digbizmistelbach.info\/index.php?rest_route=%2Fwp%2Fv2%2Fmedia&parent=2"}],"curies":[{"name":"wp","href":"https:\/\/api.w.org\/{rel}","templated":true}]}}