{"id":38,"date":"2024-01-30T09:53:07","date_gmt":"2024-01-30T09:53:07","guid":{"rendered":"https:\/\/Idinger.digbizmistelbach.info\/?page_id=38"},"modified":"2024-02-13T09:45:05","modified_gmt":"2024-02-13T09:45:05","slug":"blog","status":"publish","type":"page","link":"https:\/\/Idinger.digbizmistelbach.info\/?page_id=38","title":{"rendered":"Schweine und ihre Umwelt"},"content":{"rendered":"\n<h2 class=\"wp-block-heading\">Umwelt<\/h2>\n\n\n\n<p>Weltweit werden etwa 740 Millionen Schweine gehalten, davon 2,7 Millionen in \u00d6sterreich, j\u00e4hrlich werden hier rund 5 Millionen geschlachtet. Dies hat ernome Umweltauswirkungen. Der Anbau von Futtermitteln f\u00fchrt zur Entwaldung, wobei D\u00fcngemittel und Pestizide Umweltsch\u00e4den verursachen. Schweine produzieren Methan und Lachgas, das sind starke Treibhausgase. Zudem erfordert die Produktion gro\u00dfe Wassermengen. Massentierhaltung (h\u00e4ufig in St\u00e4llen in denen die Schweine keinen Platz haben) verst\u00e4rkt diese Probleme und bringt den Tieren mehr Stress und Erkrankungen.<\/p>\n\n\n\n<h2 class=\"wp-block-heading\">Haltung<\/h2>\n\n\n\n<div class=\"wp-block-columns is-layout-flex wp-container-core-columns-layout-1 wp-block-columns-is-layout-flex\">\n<div class=\"wp-block-column is-layout-flow wp-block-column-is-layout-flow\" style=\"flex-basis:100%\">\n<div class=\"wp-block-group is-content-justification-space-between is-nowrap is-layout-flex wp-container-core-group-layout-1 wp-block-group-is-layout-flex\">\n<div class=\"wp-block-media-text is-stacked-on-mobile\"><figure class=\"wp-block-media-text__media\"><img loading=\"lazy\" decoding=\"async\" width=\"358\" height=\"234\" src=\"https:\/\/Idinger.digbizmistelbach.info\/wp-content\/uploads\/2024\/02\/Haltung-Schweine.jpg\" alt=\"\" class=\"wp-image-141 size-full\" srcset=\"https:\/\/Idinger.digbizmistelbach.info\/wp-content\/uploads\/2024\/02\/Haltung-Schweine.jpg 358w, https:\/\/Idinger.digbizmistelbach.info\/wp-content\/uploads\/2024\/02\/Haltung-Schweine-300x196.jpg 300w\" sizes=\"(max-width: 358px) 100vw, 358px\" \/><\/figure><div class=\"wp-block-media-text__content\">\n<p>Schweine sind soziale und intelligente Tiere, die gerne kommunizieren, spielen und nach Nahrung suchen. Ihre Haltung l\u00e4uft oft sehr unterschiedlich ab, sie reicht von tierfreundlicher Haltung mit Auslaufm\u00f6glichkeiten bis hin zur Massentierhaltung in engen St\u00e4llen. In guten Bedingungen f\u00fcr die Schweine k\u00f6nnen sie ihre nat\u00fcrliches Verhalten aus\u00fcben, w\u00e4hrend in der Massentierhaltung Platzmangel und unhygienische Zust\u00e4nde zu Stress, Krankheiten und Verhaltensst\u00f6rungen f\u00fchren. Darauf zu achten von umweltfreundlichen und tierfreundlichen Schweinefleischproduzenten einzukaufen leistet einen zentralen Beitrag zur Verbesserung der Verh\u00e4ltnisse in der Schweinefleischindustrie.<\/p>\n<\/div><\/div>\n<\/div>\n<\/div>\n<\/div>\n","protected":false},"excerpt":{"rendered":"<p>Umwelt Weltweit werden etwa 740 Millionen Schweine gehalten, davon 2,7 Millionen in \u00d6sterreich, j\u00e4hrlich werden hier rund 5 Millionen geschlachtet. Dies hat ernome Umweltauswirkungen. Der Anbau von Futtermitteln f\u00fchrt zur Entwaldung, wobei D\u00fcngemittel und Pestizide Umweltsch\u00e4den verursachen. Schweine produzieren Methan und Lachgas, das sind starke Treibhausgase. Zudem erfordert die Produktion gro\u00dfe Wassermengen. Massentierhaltung (h\u00e4ufig in&hellip; <br \/> <a class=\"read-more\" href=\"https:\/\/Idinger.digbizmistelbach.info\/?page_id=38\">Weiterlesen<\/a><\/p>\n","protected":false},"author":1,"featured_media":0,"parent":0,"menu_order":0,"comment_status":"closed","ping_status":"closed","template":"","meta":{"footnotes":""},"_links":{"self":[{"href":"https:\/\/Idinger.digbizmistelbach.info\/index.php?rest_route=\/wp\/v2\/pages\/38"}],"collection":[{"href":"https:\/\/Idinger.digbizmistelbach.info\/index.php?rest_route=\/wp\/v2\/pages"}],"about":[{"href":"https:\/\/Idinger.digbizmistelbach.info\/index.php?rest_route=\/wp\/v2\/types\/page"}],"author":[{"embeddable":true,"href":"https:\/\/Idinger.digbizmistelbach.info\/index.php?rest_route=\/wp\/v2\/users\/1"}],"replies":[{"embeddable":true,"href":"https:\/\/Idinger.digbizmistelbach.info\/index.php?rest_route=%2Fwp%2Fv2%2Fcomments&post=38"}],"version-history":[{"count":6,"href":"https:\/\/Idinger.digbizmistelbach.info\/index.php?rest_route=\/wp\/v2\/pages\/38\/revisions"}],"predecessor-version":[{"id":144,"href":"https:\/\/Idinger.digbizmistelbach.info\/index.php?rest_route=\/wp\/v2\/pages\/38\/revisions\/144"}],"wp:attachment":[{"href":"https:\/\/Idinger.digbizmistelbach.info\/index.php?rest_route=%2Fwp%2Fv2%2Fmedia&parent=38"}],"curies":[{"name":"wp","href":"https:\/\/api.w.org\/{rel}","templated":true}]}}